{"id":279,"date":"2025-01-18T19:56:31","date_gmt":"2025-01-18T18:56:31","guid":{"rendered":"https:\/\/shbe-68.fr\/?page_id=279"},"modified":"2025-01-18T20:04:28","modified_gmt":"2025-01-18T19:04:28","slug":"blason-de-stetten","status":"publish","type":"page","link":"https:\/\/shbe-68.fr\/index.php\/blason-de-stetten\/","title":{"rendered":"Blason de Stetten"},"content":{"rendered":"\n<div class=\"wp-block-columns is-layout-flex wp-container-core-columns-is-layout-9d6595d7 wp-block-columns-is-layout-flex\">\n<div class=\"wp-block-column is-layout-flow wp-block-column-is-layout-flow\" style=\"flex-basis:33.33%\"><div class=\"wp-block-image\">\n<figure class=\"alignright size-full\"><img loading=\"lazy\" decoding=\"async\" width=\"100\" height=\"110\" src=\"http:\/\/shbe-68.fr\/wp-content\/uploads\/2025\/01\/Blason-de-Stetten-w.png\" alt=\"\" class=\"wp-image-266\"\/><\/figure>\n<\/div><\/div>\n\n\n\n<div class=\"wp-block-column is-layout-flow wp-block-column-is-layout-flow\" style=\"flex-basis:66.66%\">\n<p><strong>Armes et bure \u00e0 Stetten<\/strong><\/p>\n\n\n\n<p>Les armoiries primitives, telles que consign\u00e9es dans l\u2019armorial de 1697, sont les suivantes&nbsp;: \u00ab&nbsp;d\u2019argent \u00e0 deux lettres S et S de sable, pass\u00e9es en sautoir&nbsp;\u00bb, le S faisant r\u00e9f\u00e9rence \u00e0 Stetten. Elles s\u2019apparentent \u00e0 celles, primitives, du village de Koetzingue, sauf que le fond de cette derni\u00e8re commune \u00e9tait d\u2019or (jaune). Peter Goepfert, pr\u00e9v\u00f4t du village, est \u00e9galement blasonn\u00e9. Un autre blason appara\u00eet simultan\u00e9ment au XVIII<sup>e<\/sup> &nbsp;si\u00e8cle&nbsp;: deux lettres, S et T, entrelac\u00e9es.<\/p>\n\n\n\n<p>De nouvelles armoiries ont \u00e9t\u00e9 adopt\u00e9es en 1979&nbsp;: \u00ab&nbsp;De gueules \u00e0 la cl\u00e9 d\u2019or en bande, un glaive d\u2019argent emmanch\u00e9 d\u2019or pass\u00e9 en sautoir sur la cl\u00e9, soutenant un \u00e9cusson d\u2019or \u00e0 deux corbeaux de sable volant \u00e0 dextre.&nbsp;\u00bb<\/p>\n\n\n\n<p>La cl\u00e9 et le glaive sont les attributs des saints patrons de l\u2019\u00e9glise. Le rouge et l\u2019or sont les couleurs des Habsbourg. L\u2019\u00e9cusson d\u2019or \u00e0 deux corbeaux fait r\u00e9f\u00e9rence \u00e0 l\u2019\u00e9cu de l\u2019abbaye d\u2019Einsideln (\u00ab&nbsp;d\u2019or \u00e0 deux corbeaux de sable volant \u00e0 dextre&nbsp;\u00bb), laquelle re\u00e7ut en don Stetten au X<sup>e<\/sup> &nbsp;si\u00e8cle. C\u2019est la seule r\u00e9f\u00e9rence d\u2019un \u00e9tablissement religieux sur des armoiries frontali\u00e8res.<\/p>\n\n\n\n<p class=\"has-vivid-purple-color has-text-color has-link-color wp-elements-31bceab3dd123c308a4c647e0689f32a\"><strong><a href=\"https:\/\/shbe-68.fr\/index.php\/histoire-et-patrimoine-de-stetten\/\" data-type=\"page\" data-id=\"69\">Retour<\/a><\/strong><\/p>\n<\/div>\n<\/div>\n","protected":false},"excerpt":{"rendered":"<p>Armes et bure \u00e0 Stetten Les armoiries primitives, telles que consign\u00e9es dans l\u2019armorial de 1697, sont les suivantes&nbsp;: \u00ab&nbsp;d\u2019argent \u00e0 deux lettres S et S de sable, pass\u00e9es en sautoir&nbsp;\u00bb, le S faisant r\u00e9f\u00e9rence \u00e0 Stetten. Elles s\u2019apparentent \u00e0 celles, primitives, du village de Koetzingue, sauf que le fond de cette derni\u00e8re commune \u00e9tait d\u2019or (jaune). Peter Goepfert, pr\u00e9v\u00f4t du village, est \u00e9galement blasonn\u00e9. Un autre blason appara\u00eet simultan\u00e9ment au XVIIIe &nbsp;si\u00e8cle&nbsp;: deux lettres, S et T, entrelac\u00e9es. De nouvelles armoiries ont \u00e9t\u00e9 adopt\u00e9es en 1979&nbsp;: \u00ab&nbsp;De gueules \u00e0 la cl\u00e9 d\u2019or en bande, un glaive d\u2019argent emmanch\u00e9 d\u2019or pass\u00e9 en sautoir sur la cl\u00e9, soutenant un \u00e9cusson d\u2019or \u00e0 deux corbeaux de sable volant \u00e0 dextre.&nbsp;\u00bb La cl\u00e9 et le glaive sont les attributs des saints patrons de l\u2019\u00e9glise. Le rouge et l\u2019or sont les couleurs des Habsbourg. L\u2019\u00e9cusson d\u2019or \u00e0 deux corbeaux fait r\u00e9f\u00e9rence \u00e0 l\u2019\u00e9cu de l\u2019abbaye d\u2019Einsideln (\u00ab&nbsp;d\u2019or \u00e0 deux corbeaux de sable volant \u00e0 dextre&nbsp;\u00bb), laquelle re\u00e7ut en don Stetten au Xe &nbsp;si\u00e8cle. C\u2019est la seule r\u00e9f\u00e9rence d\u2019un \u00e9tablissement religieux sur des armoiries frontali\u00e8res. Retour<\/p>\n","protected":false},"author":1,"featured_media":0,"parent":0,"menu_order":0,"comment_status":"closed","ping_status":"closed","template":"","meta":{"pgc_sgb_lightbox_settings":"","footnotes":""},"class_list":["post-279","page","type-page","status-publish","hentry"],"acf":[],"_links":{"self":[{"href":"https:\/\/shbe-68.fr\/index.php\/wp-json\/wp\/v2\/pages\/279","targetHints":{"allow":["GET"]}}],"collection":[{"href":"https:\/\/shbe-68.fr\/index.php\/wp-json\/wp\/v2\/pages"}],"about":[{"href":"https:\/\/shbe-68.fr\/index.php\/wp-json\/wp\/v2\/types\/page"}],"author":[{"embeddable":true,"href":"https:\/\/shbe-68.fr\/index.php\/wp-json\/wp\/v2\/users\/1"}],"replies":[{"embeddable":true,"href":"https:\/\/shbe-68.fr\/index.php\/wp-json\/wp\/v2\/comments?post=279"}],"version-history":[{"count":2,"href":"https:\/\/shbe-68.fr\/index.php\/wp-json\/wp\/v2\/pages\/279\/revisions"}],"predecessor-version":[{"id":295,"href":"https:\/\/shbe-68.fr\/index.php\/wp-json\/wp\/v2\/pages\/279\/revisions\/295"}],"wp:attachment":[{"href":"https:\/\/shbe-68.fr\/index.php\/wp-json\/wp\/v2\/media?parent=279"}],"curies":[{"name":"wp","href":"https:\/\/api.w.org\/{rel}","templated":true}]}}