{"id":346,"date":"2025-01-22T19:53:44","date_gmt":"2025-01-22T18:53:44","guid":{"rendered":"https:\/\/shbe-68.fr\/?page_id=346"},"modified":"2025-01-22T19:53:44","modified_gmt":"2025-01-22T18:53:44","slug":"annuaire-2018","status":"publish","type":"page","link":"https:\/\/shbe-68.fr\/index.php\/annuaire-2018\/","title":{"rendered":"Annuaire 2018"},"content":{"rendered":"\n<p>L&rsquo;annuaire 2018 pr\u00e9sente des textes vari\u00e9s sur des sujets divers avec, comme point commun, la recherche des traces du pass\u00e9 que ce soit \u00e0 Kappelen (avec, par exemple, un article bien document\u00e9 sur le Cercle Th\u00e9\u00e2tral), \u00e0 Helfrantzkirch (avec un texte sur le jardin qui existait \u00e0 c\u00f4t\u00e9 du presbyt\u00e8re), \u00e0 Stetten (avec un t\u00e9moignage sur la vie au village au XX<sup>\u00e8me<\/sup> si\u00e8cle), \u00e0 Brinckheim (avec le r\u00e9sultat de fouilles arch\u00e9ologiques) ou \u00e0 Bartenheim (avec un article sur les Malgr\u00e9-nous pris dans la tourmente de la Seconde Guerre mondiale ou une recherche sur un notable de Bartenheim pris dans celle de la Guerre de Trente Ans\u2026) Bien s\u00fbr, des sujets plus transversaux tels que l&rsquo;\u00e9volution de l&rsquo;agriculture au XX<sup>\u00e8me<\/sup> si\u00e8cle, celle des costumes \u00e0 travers les \u00e2ges, les f\u00eates religieuses d&rsquo;autrefois ou des recettes de cuisine du pass\u00e9 \u00e9maillent \u00e9galement l&rsquo;ouvrage qui d\u00e9livre aussi des petites anecdotes succulentes sous la rubrique \u00a0\u00bb Poussi\u00e8res d&rsquo;histoire \u00ab\u00a0<\/p>\n","protected":false},"excerpt":{"rendered":"<p>L&rsquo;annuaire 2018 pr\u00e9sente des textes vari\u00e9s sur des sujets divers avec, comme point commun, la recherche des traces du pass\u00e9 que ce soit \u00e0 Kappelen (avec, par exemple, un article bien document\u00e9 sur le Cercle Th\u00e9\u00e2tral), \u00e0 Helfrantzkirch (avec un texte sur le jardin qui existait \u00e0 c\u00f4t\u00e9 du presbyt\u00e8re), \u00e0 Stetten (avec un t\u00e9moignage sur la vie au village au XX\u00e8me si\u00e8cle), \u00e0 Brinckheim (avec le r\u00e9sultat de fouilles arch\u00e9ologiques) ou \u00e0 Bartenheim (avec un article sur les Malgr\u00e9-nous pris dans la tourmente de la Seconde Guerre mondiale ou une recherche sur un notable de Bartenheim pris dans celle de la Guerre de Trente Ans\u2026) Bien s\u00fbr, des sujets plus transversaux tels que l&rsquo;\u00e9volution de l&rsquo;agriculture au XX\u00e8me si\u00e8cle, celle des costumes \u00e0 travers les \u00e2ges, les f\u00eates religieuses d&rsquo;autrefois ou des recettes de cuisine du pass\u00e9 \u00e9maillent \u00e9galement l&rsquo;ouvrage qui d\u00e9livre aussi des petites anecdotes succulentes sous la rubrique \u00a0\u00bb Poussi\u00e8res d&rsquo;histoire \u00ab\u00a0<\/p>\n","protected":false},"author":1,"featured_media":0,"parent":0,"menu_order":0,"comment_status":"closed","ping_status":"closed","template":"","meta":{"pgc_sgb_lightbox_settings":"","footnotes":""},"class_list":["post-346","page","type-page","status-publish","hentry"],"acf":[],"_links":{"self":[{"href":"https:\/\/shbe-68.fr\/index.php\/wp-json\/wp\/v2\/pages\/346","targetHints":{"allow":["GET"]}}],"collection":[{"href":"https:\/\/shbe-68.fr\/index.php\/wp-json\/wp\/v2\/pages"}],"about":[{"href":"https:\/\/shbe-68.fr\/index.php\/wp-json\/wp\/v2\/types\/page"}],"author":[{"embeddable":true,"href":"https:\/\/shbe-68.fr\/index.php\/wp-json\/wp\/v2\/users\/1"}],"replies":[{"embeddable":true,"href":"https:\/\/shbe-68.fr\/index.php\/wp-json\/wp\/v2\/comments?post=346"}],"version-history":[{"count":1,"href":"https:\/\/shbe-68.fr\/index.php\/wp-json\/wp\/v2\/pages\/346\/revisions"}],"predecessor-version":[{"id":348,"href":"https:\/\/shbe-68.fr\/index.php\/wp-json\/wp\/v2\/pages\/346\/revisions\/348"}],"wp:attachment":[{"href":"https:\/\/shbe-68.fr\/index.php\/wp-json\/wp\/v2\/media?parent=346"}],"curies":[{"name":"wp","href":"https:\/\/api.w.org\/{rel}","templated":true}]}}