{"id":60,"date":"2024-12-04T11:03:11","date_gmt":"2024-12-04T10:03:11","guid":{"rendered":"https:\/\/shbe-68.fr\/?page_id=60"},"modified":"2025-01-18T19:51:00","modified_gmt":"2025-01-18T18:51:00","slug":"histoire-et-patrimoine-de-bartenheim","status":"publish","type":"page","link":"https:\/\/shbe-68.fr\/index.php\/histoire-et-patrimoine-de-bartenheim\/","title":{"rendered":"Histoire de Bartenheim"},"content":{"rendered":"\n<p><a href=\"https:\/\/shbe-68.fr\/index.php\/blason-de-bartenheim\/\" data-type=\"page\" data-id=\"262\">Blason de Bartenheim<\/a><\/p>\n\n\n\n<p>Bartenheim est une commune situ\u00e9e dans le d\u00e9partement du Haut-Rhin, en Alsace, r\u00e9gion Grand Est, dans l&rsquo;est de la France. Elle se trouve dans le Sundgau, une r\u00e9gion vallonn\u00e9e et verdoyante, connue pour ses paysages bucoliques et ses villages pittoresques. Voici un aper\u00e7u de son histoire :<\/p>\n\n\n\n<h3 class=\"wp-block-heading\">Origines et Moyen \u00c2ge<\/h3>\n\n\n\n<ul class=\"wp-block-list\">\n<li>Les premi\u00e8res traces de peuplement dans la r\u00e9gion remontent \u00e0 l&rsquo;\u00e9poque romaine, comme en t\u00e9moignent des d\u00e9couvertes arch\u00e9ologiques dans les environs.<\/li>\n\n\n\n<li>Le nom de Bartenheim est mentionn\u00e9 pour la premi\u00e8re fois au Moyen \u00c2ge, dans des documents datant du XIe si\u00e8cle. Le suffixe \u00ab\u00a0-heim\u00a0\u00bb est typique des noms de lieux germaniques, signifiant \u00ab\u00a0maison\u00a0\u00bb ou \u00ab\u00a0village\u00a0\u00bb.<\/li>\n\n\n\n<li>\u00c0 cette \u00e9poque, le village d\u00e9pendait de seigneuries locales, notamment de la puissante famille des Habsbourg, qui dominait une grande partie de l&rsquo;Alsace.<\/li>\n<\/ul>\n\n\n\n<h3 class=\"wp-block-heading\">\u00c9poque moderne<\/h3>\n\n\n\n<ul class=\"wp-block-list\">\n<li>Comme le reste de l&rsquo;Alsace, Bartenheim a \u00e9t\u00e9 marqu\u00e9 par les conflits qui ont ravag\u00e9 la r\u00e9gion, notamment la guerre de Trente Ans (1618-1648), qui a caus\u00e9 de lourdes pertes humaines et \u00e9conomiques.<\/li>\n\n\n\n<li>Apr\u00e8s la guerre, la r\u00e9gion a \u00e9t\u00e9 int\u00e9gr\u00e9e \u00e0 la France sous Louis XIV par les trait\u00e9s de Westphalie en 1648.<\/li>\n<\/ul>\n\n\n\n<h3 class=\"wp-block-heading\">XIXe si\u00e8cle et industrialisation<\/h3>\n\n\n\n<ul class=\"wp-block-list\">\n<li>Au XIXe si\u00e8cle, Bartenheim a connu une transformation avec l&rsquo;industrialisation de la r\u00e9gion. L&rsquo;ouverture du canal du Rh\u00f4ne au Rhin et l&rsquo;am\u00e9lioration des infrastructures ont favoris\u00e9 le commerce et l&rsquo;agriculture.<\/li>\n\n\n\n<li>La commune est rest\u00e9e majoritairement agricole, bien que de nombreux habitants aient \u00e9galement travaill\u00e9 dans les industries textiles des environs.<\/li>\n<\/ul>\n\n\n\n<h3 class=\"wp-block-heading\">XXe si\u00e8cle<\/h3>\n\n\n\n<ul class=\"wp-block-list\">\n<li>Pendant les deux guerres mondiales, Bartenheim, comme toute l&rsquo;Alsace, a \u00e9t\u00e9 fortement touch\u00e9e. Situ\u00e9e pr\u00e8s de la fronti\u00e8re franco-allemande, elle a \u00e9t\u00e9 annex\u00e9e par l&rsquo;Allemagne pendant les deux conflits.<\/li>\n\n\n\n<li>Apr\u00e8s 1945, la commune s&rsquo;est progressivement reconstruite et a connu un d\u00e9veloppement \u00e9conomique et d\u00e9mographique.<\/li>\n<\/ul>\n\n\n\n<h3 class=\"wp-block-heading\">Aujourd&rsquo;hui<\/h3>\n\n\n\n<p>Elle conserve un patrimoine culturel et historique int\u00e9ressant, avec des \u00e9difices tels que son \u00e9glise paroissiale et des maisons traditionnelles alsaciennes<\/p>\n\n\n\n<p>Bartenheim est une commune paisible, appr\u00e9ci\u00e9e pour sa proximit\u00e9 avec B\u00e2le, en Suisse, et avec l&rsquo;Allemagne, ce qui en fait un lieu de r\u00e9sidence attractif pour les frontaliers.<\/p>\n\n\n\n<p><\/p>\n","protected":false},"excerpt":{"rendered":"<p>Blason de Bartenheim Bartenheim est une commune situ\u00e9e dans le d\u00e9partement du Haut-Rhin, en Alsace, r\u00e9gion Grand Est, dans l&rsquo;est de la France. Elle se trouve dans le Sundgau, une r\u00e9gion vallonn\u00e9e et verdoyante, connue pour ses paysages bucoliques et ses villages pittoresques. Voici un aper\u00e7u de son histoire : Origines et Moyen \u00c2ge \u00c9poque moderne XIXe si\u00e8cle et industrialisation XXe si\u00e8cle Aujourd&rsquo;hui Elle conserve un patrimoine culturel et historique int\u00e9ressant, avec des \u00e9difices tels que son \u00e9glise paroissiale et des maisons traditionnelles alsaciennes Bartenheim est une commune paisible, appr\u00e9ci\u00e9e pour sa proximit\u00e9 avec B\u00e2le, en Suisse, et avec l&rsquo;Allemagne, ce qui en fait un lieu de r\u00e9sidence attractif pour les frontaliers.<\/p>\n","protected":false},"author":1,"featured_media":0,"parent":0,"menu_order":0,"comment_status":"closed","ping_status":"closed","template":"","meta":{"pgc_sgb_lightbox_settings":"","footnotes":""},"class_list":["post-60","page","type-page","status-publish","hentry"],"acf":[],"_links":{"self":[{"href":"https:\/\/shbe-68.fr\/index.php\/wp-json\/wp\/v2\/pages\/60","targetHints":{"allow":["GET"]}}],"collection":[{"href":"https:\/\/shbe-68.fr\/index.php\/wp-json\/wp\/v2\/pages"}],"about":[{"href":"https:\/\/shbe-68.fr\/index.php\/wp-json\/wp\/v2\/types\/page"}],"author":[{"embeddable":true,"href":"https:\/\/shbe-68.fr\/index.php\/wp-json\/wp\/v2\/users\/1"}],"replies":[{"embeddable":true,"href":"https:\/\/shbe-68.fr\/index.php\/wp-json\/wp\/v2\/comments?post=60"}],"version-history":[{"count":5,"href":"https:\/\/shbe-68.fr\/index.php\/wp-json\/wp\/v2\/pages\/60\/revisions"}],"predecessor-version":[{"id":270,"href":"https:\/\/shbe-68.fr\/index.php\/wp-json\/wp\/v2\/pages\/60\/revisions\/270"}],"wp:attachment":[{"href":"https:\/\/shbe-68.fr\/index.php\/wp-json\/wp\/v2\/media?parent=60"}],"curies":[{"name":"wp","href":"https:\/\/api.w.org\/{rel}","templated":true}]}}