{"id":69,"date":"2024-12-04T11:04:33","date_gmt":"2024-12-04T10:04:33","guid":{"rendered":"https:\/\/shbe-68.fr\/?page_id=69"},"modified":"2025-01-18T20:10:47","modified_gmt":"2025-01-18T19:10:47","slug":"histoire-et-patrimoine-de-stetten","status":"publish","type":"page","link":"https:\/\/shbe-68.fr\/index.php\/histoire-et-patrimoine-de-stetten\/","title":{"rendered":"Histoire de Stetten"},"content":{"rendered":"\n<p><strong><a href=\"https:\/\/shbe-68.fr\/index.php\/blason-de-stetten\/\" data-type=\"page\" data-id=\"279\">Blason de Stetten<\/a><\/strong><\/p>\n\n\n\n<p>D\u00e8s la pr\u00e9histoire, une importante population s\u00e9dentaire s\u2019adonnait au d\u00e9frichement, \u00e0 la culture et \u00e0 l\u2019\u00e9levage sur les pentes des collines du ban de Stetten. Des d\u00e9couvertes d\u2019habitats, de tombes \u00e0 incin\u00e9ration ont \u00e9t\u00e9 faites et le mat\u00e9riel, haches, pointes de fl\u00e8che, tessons, \u00e9pingles, d\u00e9pos\u00e9 au Mus\u00e9e historique de Mulhouse.<br>Le village s\u2019est d\u00e9velopp\u00e9 en retrait de l\u2019actuelle route d\u00e9partementale et est mentionn\u00e9 la premi\u00e8re fois en 736, quand le couvent de Murbach obtient des bien du comte Eberhard \u00e0 Eistatis. L\u2019abbaye de Murbach et le couvent d\u2019Einsiedeln puis l\u2019administration b\u00e2loise ont poss\u00e9d\u00e9 des vignes et des terres sur le ban de la Commune.<\/p>\n\n\n\n<p>Des mains des Habsbourg, Stetten passe aux mains du roi de France en 1648. Epargn\u00e9 durant la premi\u00e8re guerre mondiale, le village est \u00e9vacu\u00e9 en 1939, mais n\u2019est pas touch\u00e9 par les op\u00e9rations militaires.<\/p>\n\n\n\n<p>Au fil des ann\u00e9es, Stetten perd peu \u00e0 peu son caract\u00e8re agricole et depuis 2001 grandit doucement en voyant sa population passer de 274 habitants \u00e0 352 aujourd\u2019hui.<\/p>\n\n\n\n<p>La Commune profite d\u2019un patrimoine de maisons alsaciennes d\u2019exception dont les plus anciennes datent de 1680.<\/p>\n\n\n\n<p>A deux kilom\u00e8tres, au sud-ouest du village, devant la for\u00eat du Grosholz, se dresse le majestueux ch\u00eane dit&nbsp;<strong>Tafeleiche<\/strong>. On lui attribue pr\u00e8s de quatre si\u00e8cles d\u2019existence. Son f\u00fbt ainsi que les ma\u00eetresses branches ont un port impressionnant, mais la couronne a h\u00e9las souffert des gels de f\u00e9vrier 1978.<\/p>\n\n\n\n<p>Appel\u00e9 \u00e9galement&nbsp;<strong>\u00ab&nbsp;Tafelbaum&nbsp;\u00bb<\/strong>&nbsp;(arbre aux tableaux), en raison des nombreux ex-voto qui ornaient son tronc, le ch\u00eane de Stetten \u00e9tait le lieu o\u00f9 de nombreux conscrits en partance pour le service militaire prenaient cong\u00e9s de leur bien-aim\u00e9e apr\u00e8s avoir clou\u00e9 sur le tronc le bouquet qu\u2019ils portaient le jour du Conseil de r\u00e9vision.<\/p>\n\n\n\n<p><strong>L\u2019\u00e9glise Saint-Pierre et Paul<\/strong>, d\u2019origine m\u00e9di\u00e9vale, attest\u00e9e d\u00e8s 1196, associe une simple nef plafonn\u00e9e, reconstruite en 1700, \u00e0 un clocher-ch\u0153ur coiff\u00e9 d\u2019un toit en b\u00e2ti\u00e8re.<\/p>\n\n\n\n<p>L\u2019\u00e9difice situ\u00e9 aux limites du village f\u00fbt l\u2019\u00e9glise m\u00e8re de Stetten, de Kappelen jusqu\u2019en 1803 et de Brinckheim jusqu\u2019en 1820.<\/p>\n","protected":false},"excerpt":{"rendered":"<p>Blason de Stetten D\u00e8s la pr\u00e9histoire, une importante population s\u00e9dentaire s\u2019adonnait au d\u00e9frichement, \u00e0 la culture et \u00e0 l\u2019\u00e9levage sur les pentes des collines du ban de Stetten. Des d\u00e9couvertes d\u2019habitats, de tombes \u00e0 incin\u00e9ration ont \u00e9t\u00e9 faites et le mat\u00e9riel, haches, pointes de fl\u00e8che, tessons, \u00e9pingles, d\u00e9pos\u00e9 au Mus\u00e9e historique de Mulhouse.Le village s\u2019est d\u00e9velopp\u00e9 en retrait de l\u2019actuelle route d\u00e9partementale et est mentionn\u00e9 la premi\u00e8re fois en 736, quand le couvent de Murbach obtient des bien du comte Eberhard \u00e0 Eistatis. L\u2019abbaye de Murbach et le couvent d\u2019Einsiedeln puis l\u2019administration b\u00e2loise ont poss\u00e9d\u00e9 des vignes et des terres sur le ban de la Commune. Des mains des Habsbourg, Stetten passe aux mains du roi de France en 1648. Epargn\u00e9 durant la premi\u00e8re guerre mondiale, le village est \u00e9vacu\u00e9 en 1939, mais n\u2019est pas touch\u00e9 par les op\u00e9rations militaires. Au fil des ann\u00e9es, Stetten perd peu \u00e0 peu son caract\u00e8re agricole et depuis 2001 grandit doucement en voyant sa population passer de 274 habitants \u00e0 352 aujourd\u2019hui. La Commune profite d\u2019un patrimoine de maisons alsaciennes d\u2019exception dont les plus anciennes datent de 1680. A deux kilom\u00e8tres, au sud-ouest du village, devant la for\u00eat du Grosholz, se dresse le majestueux ch\u00eane dit&nbsp;Tafeleiche. On lui attribue pr\u00e8s de quatre si\u00e8cles d\u2019existence. Son f\u00fbt ainsi que les ma\u00eetresses branches ont un port impressionnant, mais la couronne a h\u00e9las souffert des gels de f\u00e9vrier 1978. Appel\u00e9 \u00e9galement&nbsp;\u00ab&nbsp;Tafelbaum&nbsp;\u00bb&nbsp;(arbre aux tableaux), en raison des nombreux ex-voto qui ornaient son tronc, le ch\u00eane de Stetten \u00e9tait le lieu o\u00f9 de nombreux conscrits en partance pour le service militaire prenaient cong\u00e9s de leur bien-aim\u00e9e apr\u00e8s avoir clou\u00e9 sur le tronc le bouquet qu\u2019ils portaient le jour du Conseil de r\u00e9vision. L\u2019\u00e9glise Saint-Pierre et Paul, d\u2019origine m\u00e9di\u00e9vale, attest\u00e9e d\u00e8s 1196, associe une simple nef plafonn\u00e9e, reconstruite en 1700, \u00e0 un clocher-ch\u0153ur coiff\u00e9 d\u2019un toit en b\u00e2ti\u00e8re. L\u2019\u00e9difice situ\u00e9 aux limites du village f\u00fbt l\u2019\u00e9glise m\u00e8re de Stetten, de Kappelen jusqu\u2019en 1803 et de Brinckheim jusqu\u2019en 1820.<\/p>\n","protected":false},"author":1,"featured_media":0,"parent":0,"menu_order":0,"comment_status":"closed","ping_status":"closed","template":"","meta":{"pgc_sgb_lightbox_settings":"","footnotes":""},"class_list":["post-69","page","type-page","status-publish","hentry"],"acf":[],"_links":{"self":[{"href":"https:\/\/shbe-68.fr\/index.php\/wp-json\/wp\/v2\/pages\/69","targetHints":{"allow":["GET"]}}],"collection":[{"href":"https:\/\/shbe-68.fr\/index.php\/wp-json\/wp\/v2\/pages"}],"about":[{"href":"https:\/\/shbe-68.fr\/index.php\/wp-json\/wp\/v2\/types\/page"}],"author":[{"embeddable":true,"href":"https:\/\/shbe-68.fr\/index.php\/wp-json\/wp\/v2\/users\/1"}],"replies":[{"embeddable":true,"href":"https:\/\/shbe-68.fr\/index.php\/wp-json\/wp\/v2\/comments?post=69"}],"version-history":[{"count":4,"href":"https:\/\/shbe-68.fr\/index.php\/wp-json\/wp\/v2\/pages\/69\/revisions"}],"predecessor-version":[{"id":299,"href":"https:\/\/shbe-68.fr\/index.php\/wp-json\/wp\/v2\/pages\/69\/revisions\/299"}],"wp:attachment":[{"href":"https:\/\/shbe-68.fr\/index.php\/wp-json\/wp\/v2\/media?parent=69"}],"curies":[{"name":"wp","href":"https:\/\/api.w.org\/{rel}","templated":true}]}}