{"id":751,"date":"2026-02-26T09:27:31","date_gmt":"2026-02-26T08:27:31","guid":{"rendered":"https:\/\/shbe-68.fr\/?page_id=751"},"modified":"2026-02-26T09:27:31","modified_gmt":"2026-02-26T08:27:31","slug":"les-40-ans-de-lassociation","status":"publish","type":"page","link":"https:\/\/shbe-68.fr\/index.php\/les-40-ans-de-lassociation\/","title":{"rendered":"Les 40 ans de l&rsquo;Association"},"content":{"rendered":"\n<p>Le 20 f\u00e9vrier 2026 la Soci\u00e9t\u00e9 d&rsquo;Histoire de Bartenheim et Environs (SHBE) a f\u00eat\u00e9 ses 40 ans.<br>Une centaine de personnes \u00e9tait pr\u00e9sente pour c\u00e9l\u00e9brer cet anniversaire.<\/p>\n\n\n\n<ul class=\"wp-block-list\">\n<li><a href=\"http:\/\/www.shbe-68.fr\/fichiers-pdf\/260220_diaporama-40anniv.pdf\" target=\"_blank\" rel=\"noreferrer noopener\">Visualisez la pr\u00e9sentation<\/a><\/li>\n\n\n\n<li><a href=\"http:\/\/www.shbe-68.fr\/fichiers-pdf\/260220_diap-descriptif.pdf\" target=\"_blank\" rel=\"noreferrer noopener\">Texte de la pr\u00e9sentation<\/a><\/li>\n\n\n\n<li><a href=\"http:\/\/www.shbe-68.fr\/fichiers-pdf\/260220_1984-2025-Activit\u00e9s.pdf\" target=\"_blank\" rel=\"noreferrer noopener\">Activit\u00e9s et manifestations entre 1984 et 2025<\/a><\/li>\n\n\n\n<li><a href=\"http:\/\/shbe-68.fr\/wp-content\/uploads\/2026\/02\/260226-art-Alsace-40ans1.pdf\" target=\"_blank\" rel=\"noreferrer noopener\">Article paru dans le journal l\u2019Alsace le 26 f\u00e9vrier 2026<\/a><\/li>\n<\/ul>\n\n\n\n<figure class=\"wp-block-image size-full\"><a href=\"http:\/\/shbe-68.fr\/wp-content\/uploads\/2026\/02\/260226-art-Alsace-40ans1.pdf\" target=\"_blank\" rel=\" noreferrer noopener\"><img loading=\"lazy\" decoding=\"async\" width=\"400\" height=\"478\" src=\"http:\/\/shbe-68.fr\/wp-content\/uploads\/2026\/02\/260226-art-Alsace-40ans-vignette.jpg\" alt=\"\" class=\"wp-image-747\" srcset=\"https:\/\/shbe-68.fr\/wp-content\/uploads\/2026\/02\/260226-art-Alsace-40ans-vignette.jpg 400w, https:\/\/shbe-68.fr\/wp-content\/uploads\/2026\/02\/260226-art-Alsace-40ans-vignette-251x300.jpg 251w\" sizes=\"auto, (max-width: 400px) 100vw, 400px\" \/><\/a><\/figure>\n","protected":false},"excerpt":{"rendered":"<p>Le 20 f\u00e9vrier 2026 la Soci\u00e9t\u00e9 d&rsquo;Histoire de Bartenheim et Environs (SHBE) a f\u00eat\u00e9 ses 40 ans.Une centaine de personnes \u00e9tait pr\u00e9sente pour c\u00e9l\u00e9brer cet anniversaire.<\/p>\n","protected":false},"author":1,"featured_media":0,"parent":0,"menu_order":0,"comment_status":"closed","ping_status":"closed","template":"","meta":{"pgc_sgb_lightbox_settings":"","footnotes":""},"class_list":["post-751","page","type-page","status-publish","hentry"],"acf":[],"_links":{"self":[{"href":"https:\/\/shbe-68.fr\/index.php\/wp-json\/wp\/v2\/pages\/751","targetHints":{"allow":["GET"]}}],"collection":[{"href":"https:\/\/shbe-68.fr\/index.php\/wp-json\/wp\/v2\/pages"}],"about":[{"href":"https:\/\/shbe-68.fr\/index.php\/wp-json\/wp\/v2\/types\/page"}],"author":[{"embeddable":true,"href":"https:\/\/shbe-68.fr\/index.php\/wp-json\/wp\/v2\/users\/1"}],"replies":[{"embeddable":true,"href":"https:\/\/shbe-68.fr\/index.php\/wp-json\/wp\/v2\/comments?post=751"}],"version-history":[{"count":1,"href":"https:\/\/shbe-68.fr\/index.php\/wp-json\/wp\/v2\/pages\/751\/revisions"}],"predecessor-version":[{"id":753,"href":"https:\/\/shbe-68.fr\/index.php\/wp-json\/wp\/v2\/pages\/751\/revisions\/753"}],"wp:attachment":[{"href":"https:\/\/shbe-68.fr\/index.php\/wp-json\/wp\/v2\/media?parent=751"}],"curies":[{"name":"wp","href":"https:\/\/api.w.org\/{rel}","templated":true}]}}